{"id":23,"date":"2022-10-29T14:07:20","date_gmt":"2022-10-29T12:07:20","guid":{"rendered":"https:\/\/uavoperator.lf.tuke.sk\/?page_id=23"},"modified":"2024-10-08T15:46:21","modified_gmt":"2024-10-08T13:46:21","slug":"e-learning","status":"publish","type":"page","link":"https:\/\/uavoperator.lf.tuke.sk\/index.php\/e-learning\/","title":{"rendered":"E-learning"},"content":{"rendered":"<section  class='av_textblock_section av-m20hm3q3-0d8543cd0263fb1f4c40fdd982b399a6'  itemscope=\"itemscope\" itemtype=\"https:\/\/schema.org\/CreativeWork\" ><div class='avia_textblock'  itemprop=\"text\" ><p>S\u00fa\u010das\u0165ou projektu je aj tvorba podporn\u00fdch materi\u00e1lov v r\u00e1mci e-learning syst\u00e9mu Moodle, ktor\u00fd je na Technickej univerzite akt\u00edvne vyu\u017e\u00edvan\u00fd \u0161tudentmi Leteckej Fakulty.<\/p>\n<p>Syst\u00e9m Moodle je dostupn\u00fd na adrese:<br \/>\n<a href=\"https:\/\/moodle.tuke.sk\/\">https:\/\/moodle.tuke.sk\/<\/a><\/p>\n<\/div><\/section>\n","protected":false},"excerpt":{"rendered":"","protected":false},"author":1,"featured_media":0,"parent":0,"menu_order":0,"comment_status":"closed","ping_status":"closed","template":"","meta":{"footnotes":""},"class_list":["post-23","page","type-page","status-publish","hentry"],"_links":{"self":[{"href":"https:\/\/uavoperator.lf.tuke.sk\/index.php\/wp-json\/wp\/v2\/pages\/23","targetHints":{"allow":["GET"]}}],"collection":[{"href":"https:\/\/uavoperator.lf.tuke.sk\/index.php\/wp-json\/wp\/v2\/pages"}],"about":[{"href":"https:\/\/uavoperator.lf.tuke.sk\/index.php\/wp-json\/wp\/v2\/types\/page"}],"author":[{"embeddable":true,"href":"https:\/\/uavoperator.lf.tuke.sk\/index.php\/wp-json\/wp\/v2\/users\/1"}],"replies":[{"embeddable":true,"href":"https:\/\/uavoperator.lf.tuke.sk\/index.php\/wp-json\/wp\/v2\/comments?post=23"}],"version-history":[{"count":7,"href":"https:\/\/uavoperator.lf.tuke.sk\/index.php\/wp-json\/wp\/v2\/pages\/23\/revisions"}],"predecessor-version":[{"id":176,"href":"https:\/\/uavoperator.lf.tuke.sk\/index.php\/wp-json\/wp\/v2\/pages\/23\/revisions\/176"}],"wp:attachment":[{"href":"https:\/\/uavoperator.lf.tuke.sk\/index.php\/wp-json\/wp\/v2\/media?parent=23"}],"curies":[{"name":"wp","href":"https:\/\/api.w.org\/{rel}","templated":true}]}}