{"id":21,"date":"2022-10-29T14:06:26","date_gmt":"2022-10-29T12:06:26","guid":{"rendered":"https:\/\/uavoperator.lf.tuke.sk\/?page_id=21"},"modified":"2024-10-10T11:15:40","modified_gmt":"2024-10-10T09:15:40","slug":"riesitelsky-kolektiv","status":"publish","type":"page","link":"https:\/\/uavoperator.lf.tuke.sk\/index.php\/riesitelsky-kolektiv\/","title":{"rendered":"Rie\u0161ite\u013esk\u00fd kolekt\u00edv"},"content":{"rendered":"<div id='av_section_1'  class='avia-section av-1xiy5-823d1b208d37e5eac770b37b58340fd0 main_color avia-section-default avia-no-border-styling  avia-builder-el-0  avia-builder-el-no-sibling  avia-bg-style-scroll container_wrap sidebar_right'  ><div class='container av-section-cont-open' ><main  role=\"main\" itemprop=\"mainContentOfPage\"  class='template-page content  av-content-small alpha units'><div class='post-entry post-entry-type-page post-entry-21'><div class='entry-content-wrapper clearfix'>\n<div class='flex_column av-1ie49-854dfcfb986dbb5fcc340d52b8c8d052 av_one_half  avia-builder-el-1  el_before_av_one_half  avia-builder-el-first  first flex_column_div '     ><p>\n<style type=\"text\/css\" data-created_by=\"avia_inline_auto\" id=\"style-css-av-l9u8k7g5-76529eb0867451e4f798fedc3c04b431\">\n#top .av-special-heading.av-l9u8k7g5-76529eb0867451e4f798fedc3c04b431{\npadding-bottom:10px;\n}\nbody .av-special-heading.av-l9u8k7g5-76529eb0867451e4f798fedc3c04b431 .av-special-heading-tag .heading-char{\nfont-size:25px;\n}\n.av-special-heading.av-l9u8k7g5-76529eb0867451e4f798fedc3c04b431 .av-subheading{\nfont-size:15px;\n}\n<\/style>\n<div  class='av-special-heading av-l9u8k7g5-76529eb0867451e4f798fedc3c04b431 av-special-heading-h3 blockquote modern-quote modern-right  avia-builder-el-2  el_before_av_hr  avia-builder-el-first '><h3 class='av-special-heading-tag'  itemprop=\"headline\"  >Pracovn\u00edci a \u0161tudenti zapojen\u00ed do projektu<\/h3><div class=\"special-heading-border\"><div class=\"special-heading-inner-border\"><\/div><\/div><\/div><br \/>\n<div  class='hr av-l9u8scbm-a41074c6c803dbe5a85a9d838a9b1038 hr-short  avia-builder-el-3  el_after_av_heading  el_before_av_textblock  hr-right'><span class='hr-inner '><span class=\"hr-inner-style\"><\/span><\/span><\/div><br \/>\n<section  class='av_textblock_section av-l9u8osle-ee0902f5bd9aaf586c52d8baf084a49b'  itemscope=\"itemscope\" itemtype=\"https:\/\/schema.org\/CreativeWork\" ><div class='avia_textblock'  itemprop=\"text\" ><h4 style=\"text-align: right;\" align=\"justify\">doc. Ing. Pavol Lipovsk\u00fd, PhD.<\/h4>\n<p style=\"text-align: right;\" align=\"justify\"><em>Ved\u00faci projektu<\/em><\/p>\n<h4 style=\"text-align: right;\" align=\"justify\">doc. Ing. Katar\u00edna Draganov\u00e1, PhD.<\/h4>\n<p style=\"text-align: right;\" align=\"justify\"><em>Z\u00e1stupca ved\u00faceho projektu<\/em><\/p>\n<h4 style=\"text-align: right;\" align=\"justify\">doc. Ing. Monika Bli\u0161\u0165anov\u00e1, PhD., MBA<\/h4>\n<p style=\"text-align: right;\"><em>rie\u0161itel<\/em><\/p>\n<h4 style=\"text-align: right;\" align=\"justify\">doc. Ing. Karol Semr\u00e1d, PhD.<\/h4>\n<p style=\"text-align: right;\"><em>rie\u0161itel<\/em><\/p>\n<h4 style=\"text-align: right;\" align=\"justify\">Ing. Zolt\u00e1n Sz\u0151ke, PhD.<\/h4>\n<p style=\"text-align: right;\"><em>rie\u0161itel<\/em><\/p>\n<h4 style=\"text-align: right;\" align=\"justify\">Ing. Patrik Ka\u0161per, PhD.<\/h4>\n<p style=\"text-align: right;\" align=\"justify\"><em>rie\u0161itel<\/em><\/p>\n<h4 style=\"text-align: right;\" align=\"justify\">Ing. Jozef Novot\u0148\u00e1k, PhD.<\/h4>\n<p style=\"text-align: right;\"><em>rie\u0161itel (od 1.1.2023)<\/em><\/p>\n<h4 style=\"text-align: right;\" align=\"justify\">Ing. Martin Fi\u013eko, PhD.<\/h4>\n<p style=\"text-align: right;\"><em>rie\u0161itel (od 1.1.2023)<\/em><\/p>\n<h4 style=\"text-align: right;\" align=\"justify\">Ing. Jozef Galanda, PhD.<\/h4>\n<p style=\"text-align: right;\" align=\"justify\"><em>rie\u0161itel (od 1.1.2024)<\/em><\/p>\n<h4 style=\"text-align: right;\" align=\"justify\">Ing. Iveta Vajdov\u00e1, PhD.<\/h4>\n<p style=\"text-align: right;\" align=\"justify\"><em>rie\u0161itel (od 1.1.2024)<\/em><\/p>\n<h4 style=\"text-align: right;\" align=\"justify\">Ing. Jaroslav Kessler<\/h4>\n<p style=\"text-align: right;\" align=\"justify\"><em>rie\u0161ite\u013e, \u0161tudent doktorandsk\u00e9ho \u0161t\u00fadia (od 1.9.2023)<\/em><\/p>\n<h4 style=\"text-align: right;\" align=\"justify\">Ing. Adam Polakovi\u010d<\/h4>\n<p style=\"text-align: right;\" align=\"justify\"><em>rie\u0161ite\u013e, \u0161tudent doktorandsk\u00e9ho \u0161t\u00fadia (od 1.9.2023)<\/em><\/p>\n<p style=\"text-align: right;\" align=\"justify\">\n<p align=\"justify\">\n<\/div><\/section><\/p><\/div><div class='flex_column av-ttml-8119746d798d2d8f8ce5b91f13eb9c21 av_one_half  avia-builder-el-5  el_after_av_one_half  avia-builder-el-last  flex_column_div '     ><p>\n<style type=\"text\/css\" data-created_by=\"avia_inline_auto\" id=\"style-css-av-l9u8kyh8-d7ef47e5ee8a24e4353496686d74b8bf\">\n#top .av-special-heading.av-l9u8kyh8-d7ef47e5ee8a24e4353496686d74b8bf{\npadding-bottom:10px;\n}\nbody .av-special-heading.av-l9u8kyh8-d7ef47e5ee8a24e4353496686d74b8bf .av-special-heading-tag .heading-char{\nfont-size:25px;\n}\n.av-special-heading.av-l9u8kyh8-d7ef47e5ee8a24e4353496686d74b8bf .av-subheading{\nfont-size:15px;\n}\n<\/style>\n<div  class='av-special-heading av-l9u8kyh8-d7ef47e5ee8a24e4353496686d74b8bf av-special-heading-h3 blockquote modern-quote  avia-builder-el-6  el_before_av_hr  avia-builder-el-first '><h3 class='av-special-heading-tag'  itemprop=\"headline\"  >Extern\u00ed spolupracovn\u00edci zapojen\u00ed do projektu<\/h3><div class=\"special-heading-border\"><div class=\"special-heading-inner-border\"><\/div><\/div><\/div><br \/>\n<div  class='hr av-l9u8ssmz-eb2a66ab7522e9f2f26684f9d35fb530 hr-short  avia-builder-el-7  el_after_av_heading  el_before_av_textblock  hr-left'><span class='hr-inner '><span class=\"hr-inner-style\"><\/span><\/span><\/div><br \/>\n<section  class='av_textblock_section av-l9u8trff-e9f96d1c0dce3a6dddd9febc91f0c6ac'  itemscope=\"itemscope\" itemtype=\"https:\/\/schema.org\/CreativeWork\" ><div class='avia_textblock'  itemprop=\"text\" ><h4 align=\"justify\">prof. Ing. Rudolf Jaloveck\u00fd, PhD.<\/h4>\n<p align=\"justify\"><em>Univerzita obrany<\/em><\/p>\n<h4 align=\"justify\">prof. Ing. Josef Bla\u017eek, CSc.<\/h4>\n<p align=\"justify\"><em>EDIS vvd.<\/em><\/p>\n<\/div><\/section><br \/>\n<br \/>\n\n<style type=\"text\/css\" data-created_by=\"avia_inline_auto\" id=\"style-css-av-m2330sj1-b639500ad7b08a96d095f791d5ba4811\">\n#top .av-special-heading.av-m2330sj1-b639500ad7b08a96d095f791d5ba4811{\npadding-bottom:10px;\n}\nbody .av-special-heading.av-m2330sj1-b639500ad7b08a96d095f791d5ba4811 .av-special-heading-tag .heading-char{\nfont-size:25px;\n}\n.av-special-heading.av-m2330sj1-b639500ad7b08a96d095f791d5ba4811 .av-subheading{\nfont-size:15px;\n}\n<\/style>\n<div  class='av-special-heading av-m2330sj1-b639500ad7b08a96d095f791d5ba4811 av-special-heading-h3 blockquote modern-quote  avia-builder-el-10  el_after_av_heading  el_before_av_hr '><h3 class='av-special-heading-tag'  itemprop=\"headline\"  >B\u00fdvali \u010dlenovia rie\u0161ite\u013esk\u00e9ho kolekt\u00edvu<\/h3><div class=\"special-heading-border\"><div class=\"special-heading-inner-border\"><\/div><\/div><\/div><br \/>\n<div  class='hr av-av_hr-908fa64ead63f91ddbe2b966ff2615e5 hr-short  avia-builder-el-11  el_after_av_heading  el_before_av_textblock  hr-left'><span class='hr-inner '><span class=\"hr-inner-style\"><\/span><\/span><\/div><br \/>\n<section  class='av_textblock_section av-m232szwz-eaad0511e4031c7d7ee94c1b98fbdec1'  itemscope=\"itemscope\" itemtype=\"https:\/\/schema.org\/CreativeWork\" ><div class='avia_textblock'  itemprop=\"text\" ><h4 style=\"text-align: left;\" align=\"justify\">Ing. Michaela Tirp\u00e1kov\u00e1, PhD.<\/h4>\n<p style=\"text-align: left;\"><em>rie\u0161itel (do 30.6.2023)<\/em><\/p>\n<h4 style=\"text-align: left;\" align=\"justify\">Ing. D\u00e1vid Past\u00edr<\/h4>\n<p style=\"text-align: left;\" align=\"justify\"><em>rie\u0161ite\u013e, \u0161tudent doktorandsk\u00e9ho \u0161t\u00fadia (do 30.8.2023)<\/em><\/p>\n<h4 style=\"text-align: left;\" align=\"justify\">doc. Ing. Miroslav \u0160melko, PhD<\/h4>\n<p style=\"text-align: left;\"><em>rie\u0161itel (do 30.6.2022)<\/em><\/p>\n<h4 style=\"text-align: left;\" align=\"justify\">Mgr. \u013dubom\u00edra Br\u016fnov\u00e1<\/h4>\n<p style=\"text-align: left;\"><em>rie\u0161itel (do 20.12.2021)<\/em><\/p>\n<p align=\"justify\">\n<\/div><\/section><\/p><\/div><\/div><\/div><\/main><!-- close content main element --><\/div><\/div><div id='after_section_1'  class='main_color av_default_container_wrap container_wrap sidebar_right'  ><div class='container av-section-cont-open' ><div class='template-page content  av-content-small alpha units'><div class='post-entry post-entry-type-page post-entry-21'><div class='entry-content-wrapper clearfix'>\n","protected":false},"excerpt":{"rendered":"","protected":false},"author":1,"featured_media":0,"parent":0,"menu_order":0,"comment_status":"closed","ping_status":"closed","template":"","meta":{"footnotes":""},"class_list":["post-21","page","type-page","status-publish","hentry"],"_links":{"self":[{"href":"https:\/\/uavoperator.lf.tuke.sk\/index.php\/wp-json\/wp\/v2\/pages\/21","targetHints":{"allow":["GET"]}}],"collection":[{"href":"https:\/\/uavoperator.lf.tuke.sk\/index.php\/wp-json\/wp\/v2\/pages"}],"about":[{"href":"https:\/\/uavoperator.lf.tuke.sk\/index.php\/wp-json\/wp\/v2\/types\/page"}],"author":[{"embeddable":true,"href":"https:\/\/uavoperator.lf.tuke.sk\/index.php\/wp-json\/wp\/v2\/users\/1"}],"replies":[{"embeddable":true,"href":"https:\/\/uavoperator.lf.tuke.sk\/index.php\/wp-json\/wp\/v2\/comments?post=21"}],"version-history":[{"count":29,"href":"https:\/\/uavoperator.lf.tuke.sk\/index.php\/wp-json\/wp\/v2\/pages\/21\/revisions"}],"predecessor-version":[{"id":193,"href":"https:\/\/uavoperator.lf.tuke.sk\/index.php\/wp-json\/wp\/v2\/pages\/21\/revisions\/193"}],"wp:attachment":[{"href":"https:\/\/uavoperator.lf.tuke.sk\/index.php\/wp-json\/wp\/v2\/media?parent=21"}],"curies":[{"name":"wp","href":"https:\/\/api.w.org\/{rel}","templated":true}]}}