{"id":17,"date":"2022-10-29T14:05:34","date_gmt":"2022-10-29T12:05:34","guid":{"rendered":"https:\/\/uavoperator.lf.tuke.sk\/?page_id=17"},"modified":"2024-10-08T15:46:52","modified_gmt":"2024-10-08T13:46:52","slug":"rocne-spravy","status":"publish","type":"page","link":"https:\/\/uavoperator.lf.tuke.sk\/index.php\/rocne-spravy\/","title":{"rendered":"Ro\u010dn\u00e9 spr\u00e1vy"},"content":{"rendered":"<section  class='av_textblock_section av-l9u8hp4v-1ffff90be10b626fe02812c444f1565c'  itemscope=\"itemscope\" itemtype=\"https:\/\/schema.org\/CreativeWork\" ><div class='avia_textblock'  itemprop=\"text\" ><p>Ro\u010dn\u00e1 spr\u00e1va z roku 2022:<br \/>\n<a href=\"https:\/\/uavoperator.lf.tuke.sk\/wp-content\/uploads\/2024\/10\/1-rocna-sprava-045TUKE-4-2022-1.pdf\">https:\/\/uavoperator.lf.tuke.sk\/wp-content\/uploads\/2024\/10\/1-rocna-sprava-045TUKE-4-2022-1.pdf<\/a><\/p>\n<\/div><\/section>\n<section  class='av_textblock_section av-m20gt40x-1c64c0a5bdd0eaed6d2738faa19fb632'  itemscope=\"itemscope\" itemtype=\"https:\/\/schema.org\/CreativeWork\" ><div class='avia_textblock'  itemprop=\"text\" ><p align=\"justify\">Ro\u010dn\u00e1 spr\u00e1va z roku 2023:<br \/>\n<a href=\"https:\/\/uavoperator.lf.tuke.sk\/wp-content\/uploads\/2024\/10\/2-rocna-sprava-045TUKE-4-2022-5.pdf\">https:\/\/uavoperator.lf.tuke.sk\/wp-content\/uploads\/2024\/10\/1-rocna-sprava-045TUKE-4-2022-1.pdf<\/a><\/p>\n<\/div><\/section>\n","protected":false},"excerpt":{"rendered":"","protected":false},"author":1,"featured_media":0,"parent":0,"menu_order":0,"comment_status":"closed","ping_status":"closed","template":"","meta":{"footnotes":""},"class_list":["post-17","page","type-page","status-publish","hentry"],"_links":{"self":[{"href":"https:\/\/uavoperator.lf.tuke.sk\/index.php\/wp-json\/wp\/v2\/pages\/17","targetHints":{"allow":["GET"]}}],"collection":[{"href":"https:\/\/uavoperator.lf.tuke.sk\/index.php\/wp-json\/wp\/v2\/pages"}],"about":[{"href":"https:\/\/uavoperator.lf.tuke.sk\/index.php\/wp-json\/wp\/v2\/types\/page"}],"author":[{"embeddable":true,"href":"https:\/\/uavoperator.lf.tuke.sk\/index.php\/wp-json\/wp\/v2\/users\/1"}],"replies":[{"embeddable":true,"href":"https:\/\/uavoperator.lf.tuke.sk\/index.php\/wp-json\/wp\/v2\/comments?post=17"}],"version-history":[{"count":9,"href":"https:\/\/uavoperator.lf.tuke.sk\/index.php\/wp-json\/wp\/v2\/pages\/17\/revisions"}],"predecessor-version":[{"id":178,"href":"https:\/\/uavoperator.lf.tuke.sk\/index.php\/wp-json\/wp\/v2\/pages\/17\/revisions\/178"}],"wp:attachment":[{"href":"https:\/\/uavoperator.lf.tuke.sk\/index.php\/wp-json\/wp\/v2\/media?parent=17"}],"curies":[{"name":"wp","href":"https:\/\/api.w.org\/{rel}","templated":true}]}}