{"id":14,"date":"2022-10-29T14:02:23","date_gmt":"2022-10-29T12:02:23","guid":{"rendered":"https:\/\/uavoperator.lf.tuke.sk\/?page_id=14"},"modified":"2022-10-30T09:12:09","modified_gmt":"2022-10-30T08:12:09","slug":"domov","status":"publish","type":"page","link":"https:\/\/uavoperator.lf.tuke.sk\/","title":{"rendered":"Domov"},"content":{"rendered":"<div id='layer_slider_1'  class='avia-layerslider main_color avia-shadow  avia-builder-el-0  el_before_av_section  avia-builder-el-first  container_wrap sidebar_right'  style='height: 451px; max-width: 1280px; margin: 0 auto;'  ><\/div>\n\n<style type=\"text\/css\" data-created_by=\"avia_inline_auto\" id=\"style-css-av-l9v2mfid-97b406b142e57ed64524164abde8f476\">\n.avia-section.av-l9v2mfid-97b406b142e57ed64524164abde8f476{\nmargin-top:0px;\nmargin-bottom:20px;\n}\n<\/style>\n<div id='av_section_1'  class='avia-section av-l9v2mfid-97b406b142e57ed64524164abde8f476 main_color avia-section-no-padding avia-no-border-styling  avia-builder-el-1  el_after_av_layerslider  el_before_av_section  avia-bg-style-scroll container_wrap sidebar_right'  ><div class='container av-section-cont-open' ><div class='template-page content  av-content-small alpha units'><div class='post-entry post-entry-type-page post-entry-14'><div class='entry-content-wrapper clearfix'>\n<div  class='avia-logo-element-container av-l9u97g5w-e614c31b744b06ff06134bab9b58bd3c av-border-deactivate avia-logo-grid avia-content-slider avia-smallarrow-slider avia-content-grid-active noHover avia-content-slider-odd  avia-builder-el-2  avia-builder-el-no-sibling  avia-content-slider1' ><div class='avia-smallarrow-slider-heading  no-logo-slider-heading '><div class='new-special-heading'>&nbsp;<\/div><\/div><div class=\"avia-content-slider-inner\"><div class=\"slide-entry-wrap\"><div  class='slide-entry av-l9u99hj4-713fbc89caef7d04fcdf646076843b88 flex_column no_margin av_one_third real-thumbnail post-entry slide-entry-overview slide-loop-1 slide-parity-odd  first'><img decoding=\"async\" width=\"150\" height=\"150\" src=\"https:\/\/uavoperator.lf.tuke.sk\/wp-content\/uploads\/2022\/10\/KLTP.png\" class=\"wp-image-82 avia-img-lazy-loading-not-82 attachment-no scaling size-no scaling\" alt=\"\" \/><\/div><div  class='slide-entry av-l9u99o6o-22b93d8fae442677d629f1a49aca4779 flex_column no_margin av_one_third real-thumbnail post-entry slide-entry-overview slide-loop-2 slide-parity-even  '><img decoding=\"async\" width=\"150\" height=\"150\" src=\"https:\/\/uavoperator.lf.tuke.sk\/wp-content\/uploads\/2022\/10\/KMLP.png\" class=\"wp-image-83 avia-img-lazy-loading-not-83 attachment-no scaling size-no scaling\" alt=\"\" \/><\/div><div  class='slide-entry av-l9u99s86-6c0fd293b45ab3811829714ab3035659 flex_column no_margin av_one_third real-thumbnail post-entry slide-entry-overview slide-loop-3 slide-parity-odd post-entry-last '><img decoding=\"async\" width=\"150\" height=\"150\" src=\"https:\/\/uavoperator.lf.tuke.sk\/wp-content\/uploads\/2022\/10\/KLI.png\" class=\"wp-image-107 avia-img-lazy-loading-not-107 attachment-no scaling size-no scaling\" alt=\"\" \/><\/div><\/div><\/div><\/div>\n<\/div><\/div><\/div><!-- close content main div --><\/div><\/div>\n<style type=\"text\/css\" data-created_by=\"avia_inline_auto\" id=\"style-css-av-10ew2-87d5db1d6580e02e3fc8afbd9a3776b9\">\n.avia-section.av-10ew2-87d5db1d6580e02e3fc8afbd9a3776b9{\nbackground-color:#f9f9f9;\nbackground-image:unset;\n}\n<\/style>\n<div id='av_section_2'  class='avia-section av-10ew2-87d5db1d6580e02e3fc8afbd9a3776b9 main_color avia-section-default avia-no-shadow  avia-builder-el-3  el_after_av_section  avia-builder-el-last  avia-bg-style-scroll container_wrap sidebar_right'  ><div class='container av-section-cont-open' ><div class='template-page content  av-content-small alpha units'><div class='post-entry post-entry-type-page post-entry-14'><div class='entry-content-wrapper clearfix'>\n<section  class='av_textblock_section av-l9u79l7h-5c49414cb33e7e7cdb44f94cb20f696e'  itemscope=\"itemscope\" itemtype=\"https:\/\/schema.org\/CreativeWork\" ><div class='avia_textblock'  itemprop=\"text\" ><h3 style=\"text-align: center;\">O projekte<\/h3>\n<\/div><\/section>\n<div  class='hr av-l9u794p9-be8c5eaaf1385088e28384042e95a186 hr-short  avia-builder-el-5  el_after_av_textblock  el_before_av_one_half  hr-center'><span class='hr-inner '><span class=\"hr-inner-style\"><\/span><\/span><\/div>\n<div class='flex_column av-1l8fe-1c904825fd32835cf4f3358f708cbe6c av_one_half  avia-builder-el-6  el_after_av_hr  el_before_av_one_half  first flex_column_div '     ><section  class='av_textblock_section av-l9u79zs8-6643f6decd1c7396f742ca14db8d8c98'  itemscope=\"itemscope\" itemtype=\"https:\/\/schema.org\/CreativeWork\" ><div class='avia_textblock'  itemprop=\"text\" ><p align=\"justify\">Bezpos\u00e1dkov\u00e9 lietaj\u00face prostriedky (UAV), \u010dastokr\u00e1t terminologicky nespr\u00e1vne naz\u00fdvan\u00e9 bezpilotn\u00e9 prostriedky, kedy pilot\/oper\u00e1tor obsluhuje lietaj\u00faci prostriedok na dia\u013eku, nach\u00e1dzaj\u00fa uplatnenie takmer vo v\u0161etk\u00fdch sf\u00e9rach s\u00fa\u010dasn\u00e9ho \u017eivota. V civilnej praxi s\u00fa naj\u010dastej\u0161ie pou\u017e\u00edvan\u00e9 prostriedky s hmotnos\u0165ou men\u0161ou ako 25 kg &#8211; od v\u00fdskumn\u00fdch aplik\u00e1ci\u00ed, ako napr\u00edklad geofyzik\u00e1lne mapovanie, fotogrametria, cez p\u00e1tranie a z\u00e1chranu a\u017e po komer\u010dn\u00e9 vyu\u017eitie v logistick\u00fdch slu\u017eb\u00e1ch na prepravu r\u00f4znych mal\u00fdch z\u00e1sielok, pr\u00edpadne lie\u010div v \u010dase r\u00f4znych kr\u00edzov\u00fdch situ\u00e1ci\u00ed po pr\u00edrodn\u00fdch katastrof\u00e1ch, pr\u00edpadne v \u010dase pand\u00e9mie.<\/p>\n<p align=\"justify\">Napriek mo\u017enosti automatizovan\u00e9ho vykon\u00e1vania ur\u010dit\u00fdch \u00faloh bude \u013eudsk\u00fd \u010dinite\u013e \u2013 pilot na dia\u013eku alebo oper\u00e1tor UAV musie\u0165 by\u0165 st\u00e1le pripraven\u00fd reagova\u0165 na nepredv\u00eddate\u013en\u00e9 udalosti, na ktor\u00e9 elektronika reagova\u0165 nevie. Mus\u00ed by\u0165 v\u017edy pripraven\u00fd manu\u00e1lne prevzia\u0165 kontrolu nad\u00a0prostriedkom, ktor\u00fd m\u00f4\u017ee by\u0165 v poloautomatickom \u010di automatickom opera\u010dnom m\u00f3de, a\u00a0rie\u0161i\u0165 vzniknut\u00fa situ\u00e1ciu tak, aby nedo\u0161lo k \u0161kod\u00e1m na \u017eivotoch a na majetku. V\u00fdcvik pilotov\/oper\u00e1torov tak zohr\u00e1va d\u00f4le\u017eit\u00fa \u00falohu v procese bezpe\u010dnosti prev\u00e1dzky t\u00fdchto lietaj\u00facich prostriedkov.<\/p>\n<p align=\"justify\">V r\u00e1mci v\u00fdskumnej a pedagogickej \u010dinnosti sa kolekt\u00edv na pracovisku Leteckej fakulty Technickej univerzity v Ko\u0161iciach u\u017e dlh\u0161iu dobu zaober\u00e1 problematikou UAV nielen z\u00a0technickej a senzorickej\/aplika\u010dnej \u010dasti, ale aj z poh\u013eadu pedagogickej praxe. V s\u00falade s modern\u00fdmi trendmi v oblasti v\u00fdu\u010dby sa venuje implement\u00e1cii met\u00f3dy probl\u00e9mov\u00e9ho vyu\u010dovania a pozn\u00e1vania pri praktick\u00fdch experimentoch v \u0161pecializovan\u00fdch laborat\u00f3ri\u00e1ch pri leteckom v\u00fdcviku, resp. v\u00fdcviku leteck\u00fdch \u0161pecialistov. V s\u00fa\u010dasnosti je potrebn\u00e9 vn\u00edma\u0165 \u0161tudenta v r\u00e1mci vzdel\u00e1vacieho kurzu ako jedine\u010dn\u00fa entitu s individu\u00e1lnymi potrebami, ktor\u00fdm je do ur\u010ditej miery mo\u017en\u00e9 prisp\u00f4sobi\u0165 proces v\u00fdu\u010dby a optimalizova\u0165 ho.<\/p>\n<\/div><\/section><\/div><div class='flex_column av-nwi6-090a93260d872b8d69b4213c19390154 av_one_half  avia-builder-el-8  el_after_av_one_half  avia-builder-el-last  flex_column_div '     ><section  class='av_textblock_section av-l9u7apkb-29c67c379dc8e32052864c8d53064a6c'  itemscope=\"itemscope\" itemtype=\"https:\/\/schema.org\/CreativeWork\" ><div class='avia_textblock'  itemprop=\"text\" ><p align=\"justify\">Tento fakt je o to d\u00f4le\u017eitej\u0161\u00ed pri v\u00fdcviku lietaj\u00faceho, riadiaceho a technick\u00e9ho person\u00e1lu letectva, ktor\u00e9mu sa pracovisko \u017eiadate\u013ea u\u017e dlh\u00e9 roky venuje. Tieto dlhoro\u010dn\u00e9 sk\u00fasenosti vytv\u00e1raj\u00fa predpoklad rie\u0161enia efekt\u00edvneho v\u00fdcviku oper\u00e1torov UAV, ktor\u00ed by okrem leteck\u00e9ho v\u00fdcviku navy\u0161e mali podst\u00fapi\u0165 v r\u00e1mci \u0161t\u00fadia\/kurzu aj intenz\u00edvny technick\u00fd v\u00fdcvik, a t\u00fdm zv\u00fd\u0161i\u0165 potenci\u00e1l uplatnenia sa na bud\u00facom trhu pr\u00e1ce.<\/p>\n<p align=\"justify\">Oper\u00e1tor UAV by pod\u013ea s\u00fa\u010dasn\u00fdch potrieb nemal by\u0165 &#8222;iba&#8220; pilot na dia\u013eku, mal by to by\u0165 technik schopn\u00fd kvalifikovane pracova\u0165 s lietaj\u00facim prostriedkom, po technickej str\u00e1nke mu kompletne rozumie\u0165 a vedie\u0165 vykon\u00e1va\u0165 \u00fadr\u017ebu prostriedku. Pre podporu tohto smerovania sa predkladan\u00fd projekt zaober\u00e1 rie\u0161en\u00edm parci\u00e1lnej \u00falohy z\u00e1kladn\u00e9ho v\u00fdcviku oper\u00e1tora mal\u00e9ho UAV &#8211; vytvoren\u00edm podporn\u00fdch pom\u00f4cok pre \u0161pecializovan\u00e9 vzdel\u00e1vanie v tejto oblasti. Ide o\u00a0\u0161pecializovan\u00e9 pr\u00edpravky a u\u010debn\u00e9 materi\u00e1ly pre existuj\u00face \u0161pecializovan\u00e9 laborat\u00f3rium\/pracovisko testovania mal\u00fdch lietaj\u00facich bezpos\u00e1dkov\u00fdch syst\u00e9mov (UAS). Na z\u00e1klade doteraj\u0161\u00edch v\u00fdsledkov a\u00a0sk\u00fasenost\u00ed kolekt\u00edvu bud\u00fa upraven\u00e9 a optimalizovan\u00e9 prototypy vybran\u00fdch technick\u00fdch zariaden\u00ed pre potreby v\u00fdcviku oper\u00e1torov \u2013 \u0161pecializovan\u00e9 zariadenie na testovanie a rozvoj psychomotorick\u00fdch atrib\u00fatov \u0161tudentov a elektronick\u00fd z\u00e1znamov\u00fd syst\u00e9m ak\u010dn\u00fdch z\u00e1sahov oper\u00e1tora a autopilota do riadenia lietaj\u00faceho prostriedku.<\/p>\n<p align=\"justify\">Pomocou optimalizovan\u00fdch modern\u00fdch technick\u00fdch zariaden\u00ed, ktor\u00e9 bud\u00fa v r\u00e1mci tohto projektu vytvoren\u00e9 na z\u00e1klade existuj\u00facich prototypov, bude mo\u017en\u00e9 zefekt\u00edvni\u0165, optimalizova\u0165 a personalizova\u0165 z\u00e1kladn\u00fd v\u00fdcvik \u0161tudenta &#8211; oper\u00e1tora UAV, zlep\u0161i\u0165 a zefekt\u00edvni\u0165 u \u0161tudenta proces pozn\u00e1vania a poskytn\u00fa\u0165 mu kvalitn\u00fd vzdel\u00e1vac\u00ed kurz na technicky zameranej vysokej \u0161kole.<\/p>\n<\/div><\/section><\/div>\n<\/div><\/div><\/div><!-- close content main div --><\/div><\/div><div id='after_section_2'  class='main_color av_default_container_wrap container_wrap sidebar_right'  ><div class='container av-section-cont-open' ><div class='template-page content  av-content-small alpha units'><div class='post-entry post-entry-type-page post-entry-14'><div class='entry-content-wrapper clearfix'><\/p>\n","protected":false},"excerpt":{"rendered":"","protected":false},"author":1,"featured_media":0,"parent":0,"menu_order":0,"comment_status":"closed","ping_status":"closed","template":"","meta":{"footnotes":""},"class_list":["post-14","page","type-page","status-publish","hentry"],"_links":{"self":[{"href":"https:\/\/uavoperator.lf.tuke.sk\/index.php\/wp-json\/wp\/v2\/pages\/14","targetHints":{"allow":["GET"]}}],"collection":[{"href":"https:\/\/uavoperator.lf.tuke.sk\/index.php\/wp-json\/wp\/v2\/pages"}],"about":[{"href":"https:\/\/uavoperator.lf.tuke.sk\/index.php\/wp-json\/wp\/v2\/types\/page"}],"author":[{"embeddable":true,"href":"https:\/\/uavoperator.lf.tuke.sk\/index.php\/wp-json\/wp\/v2\/users\/1"}],"replies":[{"embeddable":true,"href":"https:\/\/uavoperator.lf.tuke.sk\/index.php\/wp-json\/wp\/v2\/comments?post=14"}],"version-history":[{"count":37,"href":"https:\/\/uavoperator.lf.tuke.sk\/index.php\/wp-json\/wp\/v2\/pages\/14\/revisions"}],"predecessor-version":[{"id":140,"href":"https:\/\/uavoperator.lf.tuke.sk\/index.php\/wp-json\/wp\/v2\/pages\/14\/revisions\/140"}],"wp:attachment":[{"href":"https:\/\/uavoperator.lf.tuke.sk\/index.php\/wp-json\/wp\/v2\/media?parent=14"}],"curies":[{"name":"wp","href":"https:\/\/api.w.org\/{rel}","templated":true}]}}